{"id":137,"date":"2020-12-31T13:52:54","date_gmt":"2020-12-31T13:52:54","guid":{"rendered":"https:\/\/tufanozturk.ch\/?page_id=137"},"modified":"2021-01-02T11:09:23","modified_gmt":"2021-01-02T11:09:23","slug":"cv","status":"publish","type":"page","link":"https:\/\/tufanozturk.ch\/index.php\/cv\/","title":{"rendered":"CV"},"content":{"rendered":"<p>*Born in 1990, Winterthur<\/p>\n<p>Lives and works in Winterthur<\/p>\n<p>Tufan \u00d6zt\u00fcrk<\/p>\n<p><a href=\"mailto:info@tufanozturk.ch\">info@tufanozturk.ch<\/a><\/p>\n<h5>EN_Biography<\/h5>\n<p>Tufan \u00d6zt\u00fcrk, originally from Turkey, grew up in Winterthur in 1990. He completed a bachelor&#8217;s degree at the Rapperswil University of Applied Sciences &#8211; Renewable Energies and Environmental Technology, and then took various courses about art and painting at SDKZ Zurich. Since 2014 he has been working as a self-taught freelance artist and as an energy consultant in the construction industry in Winterthur. He designed some CD covers as well<\/p>\n<p>T-shirts for Winterthur musicians and was able to create a poster for a theater play for the \u201eJunges Theater Winterthur\u201c. Tufan \u00d6zt\u00fcrk won an exhibition space at the Art-Thur 16 in Frauenfeld in 2016, organized by Boesner for the promotion of young artists. He was then able to participate in the group exhibition &#8222;Anfang17&#8220; of the Galerie Fafou in Oberuzwil in 2017. In 2019 he had the opportunity to work with Huber.Huber, Jan Sebesta and many others in a group exhibition \u00abgaragestop\u00bb.<\/p>\n<p>&#8230; My aim is to create unique works that, in their own attraction and profoundness, takes the viewer from his usual view of life and lead them into an unfamiliar reality. The recurring melancholic moods as well as anxiety and the feeling of suffering contribute to my works in a bizarre and profound aesthetic. With the use of human anatomy, I represent a perceptions to the world, as well as the human existence with it&#8217;s psyche &#8230; 2017<\/p>\n<h5>EN_CV<\/h5>\n<p><b>Education<\/b><\/p>\n<p>15 Various course assignments at the SKDZ Zurich<\/p>\n<p>11 \u2013 14 Bsc. Renewable Energies and Environmental Tech.<\/p>\n<p><b>Solo exhibitions<\/b><\/p>\n<p>19 Bloodfest \/ Z\u00fcrich \/ CH<\/p>\n<p>18 Alte Kaserne \/ Winterthur \/ CH<\/p>\n<p>17 3-Plan Haustechnik AG \/ Winterthur \/ CH<\/p>\n<p>17 Theater am Gleis \/ Winterthur \/ CH<\/p>\n<p>16 Da Cristina \/ Winterthur \/ CH<\/p>\n<p>15 Galati und Bachmann \/ Winterthur \/ CH<\/p>\n<p><b>Group exhibitions &amp; Events<\/b><\/p>\n<p>20 LOKAL \/ Winterthur \/ CH<\/p>\n<p>20 Winti Macht Kunst \/ Winterthur \/ CH<\/p>\n<p>19 &#8222;garagestop&#8220; Kunstraum Winterthur \/ Winterthur \/ CH<\/p>\n<p>19 Industria 4.0 \/ Winterthur \/ CH<\/p>\n<p>19 Shed Eisenwerk \/ Frauenfeld \/ CH<\/p>\n<p>18 Industria 2.0 \/ Winterthur \/ CH<\/p>\n<p>17 Beatus-Heim \/ Seuzach \/ CH<\/p>\n<p>17 Prix Suisse d&#8217;Art Brut \/ Olten \/ CH<\/p>\n<p>17 Unjurierte \/ Winterthur \/ CH<\/p>\n<p>17 Anfang 17 \/ Galerie Fafou \/ Oberuzwil \/ CH<\/p>\n<p>16 Boesner Art-Thur 16 \/ Frauenfeld \/ CH<\/p>\n<p>14 Brohemia Youth Center \u201eJuhu\u201c \/ Winterthur \/ CH<\/p>\n<p><b>Projects \/ Commission works<\/b><\/p>\n<p>17 Posterdesign \/ <a href=\"http:\/\/www.jungestheaterwinterthur.ch\/\" target=\"_blank\" rel=\"noopener\" data-link-type=\"external\" data-link-value=\"http:\/\/www.jungestheaterwinterthur.ch\">Junges Theater Winterthur<\/a> \/ CH<\/p>\n<p>16 Albumcover \/ <a href=\"https:\/\/www.facebook.com\/Dolohruz\/\" target=\"_blank\" rel=\"noopener\" data-link-type=\"external\" data-link-value=\"https:\/\/www.facebook.com\/Dolohruz\/\">Dolohruz &#8211; Winterthur<\/a> \/ CH<\/p>\n<p>16 T-Shirt Design \/ <a href=\"https:\/\/www.facebook.com\/Frozengateband\/\" target=\"_blank\" rel=\"noopener\" data-link-type=\"external\" data-link-value=\"https:\/\/www.facebook.com\/Frozengateband\/\">Frozen Gate &#8211; Winterthur<\/a> \/ CH<\/p>\n<p><b>Press<\/b><\/p>\n<p>17 <a href=\"http:\/\/foreground.co.in\/out-worldly-exceptions-tufan-ivanovsky-feature\/\" target=\"_blank\" rel=\"noopener\" data-link-type=\"external\" data-link-value=\"http:\/\/foreground.co.in\/out-worldly-exceptions-tufan-ivanovsky-feature\/\">Foreground <\/a>\/ Online Magazine \/ IND<\/p>\n<p>18 <a href=\"http:\/\/zueriost.ch\/bezirk-winterthur\/winterthur\/momente-des-gluecks-will-ich-nicht-malen\/1000739\" target=\"_blank\" rel=\"noopener\" data-link-type=\"external\" data-link-value=\"http:\/\/zueriost.ch\/bezirk-winterthur\/winterthur\/momente-des-gluecks-will-ich-nicht-malen\/1000739\">Z\u00fcriost<\/a> \/ Online News \/ CH<\/p>\n<p>18 Winterthurer Stadtanzeiger \/ Newspaper \/ CH<\/p>\n<p>*Geboren 1990, Winterthur<\/p>\n<p>Lebt und arbeitet in Winterthur<\/p>\n<p>Tufan \u00d6zt\u00fcrk<\/p>\n<p><a href=\"mailto:info@tufanozturk.ch\">info@tufanozturk.ch<\/a><\/p>\n<h5>DE_Biographie<\/h5>\n<p>Tufan \u00d6zt\u00fcrk, mit Herkunft aus der T\u00fcrkei, ist 1990 in Winterthur aufgewachsen. Er absolvierte ein Bachelorstudium an der Hochschule Rapperswil &#8211; Erneuerbare Energien und Umwelttechnik und belegte anschliessend diverse Kurse f\u00fcr Kunst und Malerei an der SDKZ Z\u00fcrich. Seit dem Jahr 2014 arbeitet er als selbst erlernter freischaffender K\u00fcnstler und als Energieberater im Bauwesen in Winterthur. Er gestaltete einige CD-Covers sowie T-Shirts f\u00fcr Winterthurer Musiker und durfte f\u00fcr das Junge Theater Winterthur ein Poster f\u00fcr ein Theaterstuck gestalten. Tufan \u00d6zt\u00fcrk gewann 2016 einen Ausstellungsplatz an der Art-Thur 16 in Frauenfeld, welcher von Boesner f\u00fcr die F\u00f6rderung von jungen K\u00fcnstlern organisiert wurde. Daraufhin durfte er 2017 an der Gruppenausstellung &#8222;Anfang17&#8220; der Galerie Fafou in Oberuzwil teilnehmen. Im Jahr 2019 hatte er die M\u00f6glichkeit mit Huber.Huber, Jan Sebesta und vielen weiteren in einer Gruppenausstellung \u00abgaragestop\u00bb mitzuwirken.<\/p>\n<p>&#8230; Mein Bestreben ist es die Erschaffung von einzigartigen Werken, die in ihrer eigenen Anziehungskraft und Tiefsinnigkeit den Betrachter seiner gewohnten Sicht auf das Leben entreissen und in eine unbemerkte Realit\u00e4t f\u00fchren. Die wiederkehrenden melancholischen Gem\u00fctszust\u00e4nde sowie Angst- und Leidgef\u00fchle tragen dazu bei meine Werke in bizarrer und tief greifender \u00c4sthetik entstehen zulassen. Mit der Verwendung der menschlichen Anatomie stelle ich die Wahrnehmungen im Weltgeschehen sowie das menschliche Dasein mit ihrer Psyche dar &#8230; 2017<\/p>\n<h5>DE_CV<\/h5>\n<p><b>Ausbildungen<\/b><\/p>\n<p>15 Div. Kursbelegungen an der SKDZ Z\u00fcrich<\/p>\n<p>11 \u2013 14 Bsc. erneuerbare Energien und Umwelttechnik<\/p>\n<p><b>\u00a0<\/b><\/p>\n<p><b>Einzelausstellungen<\/b><\/p>\n<p>19 Bloodfest \/ Z\u00fcrich \/ CH<\/p>\n<p>18 Alte Kaserne \/ Winterthur \/ CH<\/p>\n<p>17 3-Plan Haustechnik AG \/ Winterthur \/ CH<\/p>\n<p>17 Theater am Gleis \/ Winterthur \/ CH<\/p>\n<p>16 DaCristina \/ Winterthur \/ CH<\/p>\n<p>15 Galatiund Bachmann \/ Winterthur \/ CH<\/p>\n<p><b>\u00a0<\/b><\/p>\n<p><b>Gruppenausstellungen &amp; Events<\/b><\/p>\n<p>20 LOKAL \/ Winterthur \/ CH<\/p>\n<p>20 Winti Macht Kunst \/ Winterthur \/ CH<\/p>\n<p>19 &#8222;garagestop&#8220; Kunstraum Winterthur \/ Winterthur \/ CH<\/p>\n<p>19 Industria 4.0 \/ Winterthur \/ CH<\/p>\n<p>19 Shed Eisenwerk \/ Frauenfeld \/ CH<\/p>\n<p>18 Industria 2.0 \/ Winterthur \/ CH<\/p>\n<p>17 Beatus-Heim \/ Seuzach \/ CH<\/p>\n<p>17 Prix Suisse d&#8217;Art Brut \/ Olten \/ CH<\/p>\n<p>17 Unjurierte \/ Winterthur \/ CH<\/p>\n<p>17 Anfang17 \/ Galerie Fafou, Oberuzwil \/ CH<\/p>\n<p>16 Boesner Art-Thur 16 \/ Frauenfeld \/ CH<\/p>\n<p>14 Brohemia Jugendhaus \u201eJuhu\u201c \/ Winterthur \/ CH<\/p>\n<p><b>Projekte \/ Auftr\u00e4ge<\/b><\/p>\n<p>17 Posterdesign \/ <a href=\"http:\/\/www.jungestheaterwinterthur.ch\/\" target=\"_blank\" rel=\"noopener\" data-link-type=\"external\" data-link-value=\"http:\/\/www.jungestheaterwinterthur.ch\">Junges Theater Winterthur<\/a> \/ CH<\/p>\n<p>16 Albumcover \/ <a href=\"https:\/\/www.facebook.com\/Dolohruz\/\" target=\"_blank\" rel=\"noopener\" data-link-type=\"external\" data-link-value=\"https:\/\/www.facebook.com\/Dolohruz\/\">Dolohruz &#8211; Winterthur<\/a> \/ CH<\/p>\n<p>16 T-Shirt Design \/ <a href=\"https:\/\/www.facebook.com\/Frozengateband\/\" target=\"_blank\" rel=\"noopener\" data-link-type=\"external\" data-link-value=\"https:\/\/www.facebook.com\/Frozengateband\/\">Frozen Gate &#8211; Winterthur<\/a> \/ CH<\/p>\n<p><b>Presse<\/b><\/p>\n<p>17 <a href=\"http:\/\/foreground.co.in\/out-worldly-exceptions-tufan-ivanovsky-feature\/\" target=\"_blank\" rel=\"noopener\" data-link-type=\"external\" data-link-value=\"http:\/\/foreground.co.in\/out-worldly-exceptions-tufan-ivanovsky-feature\/\"> Foreground<\/a> \/ Online Magazin \/ IND<\/p>\n<p>18 <a href=\"http:\/\/zueriost.ch\/bezirk-winterthur\/winterthur\/momente-des-gluecks-will-ich-nicht-malen\/1000739\" target=\"_blank\" rel=\"noopener\" data-link-type=\"external\" data-link-value=\"http:\/\/zueriost.ch\/bezirk-winterthur\/winterthur\/momente-des-gluecks-will-ich-nicht-malen\/1000739\">Z\u00fcriost<\/a> \/ Online Zeitung \/ CH<\/p>\n<p>18 Winterthurer Stadtanzeiger \/ Zeitung \/ CH<\/p>\n<p>\t\t\t\t\t\t\t\t\t\t<img decoding=\"async\" width=\"549\" height=\"1024\" src=\"https:\/\/tufanozturk.ch\/wp-content\/uploads\/2021\/01\/Bildschirmfoto_2018-03-20_um_23_33_27-549x1024.png\" alt=\"\" loading=\"lazy\" srcset=\"https:\/\/tufanozturk.ch\/wp-content\/uploads\/2021\/01\/Bildschirmfoto_2018-03-20_um_23_33_27-549x1024.png 549w, https:\/\/tufanozturk.ch\/wp-content\/uploads\/2021\/01\/Bildschirmfoto_2018-03-20_um_23_33_27-161x300.png 161w, https:\/\/tufanozturk.ch\/wp-content\/uploads\/2021\/01\/Bildschirmfoto_2018-03-20_um_23_33_27.png 570w\" sizes=\"(max-width: 549px) 100vw, 549px\" \/><\/p>\n","protected":false},"excerpt":{"rendered":"<p>*Born in 1990, Winterthur Lives and works in Winterthur Tufan \u00d6zt\u00fcrk info@tufanozturk.ch EN_Biography Tufan \u00d6zt\u00fcrk, originally from Turkey, grew up in Winterthur in 1990. He completed a bachelor&#8217;s degree at the Rapperswil University of Applied Sciences &#8211; Renewable Energies and Environmental Technology, and then took various courses about art and painting at SDKZ Zurich. Since [&hellip;]<\/p>\n","protected":false},"author":1,"featured_media":0,"parent":0,"menu_order":0,"comment_status":"closed","ping_status":"closed","template":"","meta":{"footnotes":""},"_links":{"self":[{"href":"https:\/\/tufanozturk.ch\/index.php\/wp-json\/wp\/v2\/pages\/137"}],"collection":[{"href":"https:\/\/tufanozturk.ch\/index.php\/wp-json\/wp\/v2\/pages"}],"about":[{"href":"https:\/\/tufanozturk.ch\/index.php\/wp-json\/wp\/v2\/types\/page"}],"author":[{"embeddable":true,"href":"https:\/\/tufanozturk.ch\/index.php\/wp-json\/wp\/v2\/users\/1"}],"replies":[{"embeddable":true,"href":"https:\/\/tufanozturk.ch\/index.php\/wp-json\/wp\/v2\/comments?post=137"}],"version-history":[{"count":43,"href":"https:\/\/tufanozturk.ch\/index.php\/wp-json\/wp\/v2\/pages\/137\/revisions"}],"predecessor-version":[{"id":312,"href":"https:\/\/tufanozturk.ch\/index.php\/wp-json\/wp\/v2\/pages\/137\/revisions\/312"}],"wp:attachment":[{"href":"https:\/\/tufanozturk.ch\/index.php\/wp-json\/wp\/v2\/media?parent=137"}],"curies":[{"name":"wp","href":"https:\/\/api.w.org\/{rel}","templated":true}]}}